{"id":51,"date":"2020-10-30T09:56:36","date_gmt":"2020-10-30T09:56:36","guid":{"rendered":"https:\/\/schoessler.eu\/?page_id=51"},"modified":"2020-10-30T09:56:36","modified_gmt":"2020-10-30T09:56:36","slug":"ueber-uns","status":"publish","type":"page","link":"https:\/\/schoessler.eu\/?page_id=51","title":{"rendered":"\u00dcber uns"},"content":{"rendered":"\n<p class=\"wp-block-paragraph\">M\u00f6glicherweise bist du k\u00fcnstlerisch t\u00e4tig und m\u00f6chtest dich und deine Arbeiten hier vorstellen. Oder hast du vielleicht ein Business mit einer Mission, die es zu beschreiben gilt?<\/p>\n","protected":false},"excerpt":{"rendered":"<p>M\u00f6glicherweise bist du k\u00fcnstlerisch t\u00e4tig und m\u00f6chtest dich und deine Arbeiten hier vorstellen. Oder hast du vielleicht ein Business mit &hellip; <\/p>\n","protected":false},"author":1,"featured_media":0,"parent":0,"menu_order":0,"comment_status":"closed","ping_status":"closed","template":"","meta":{"_crdt_document":"","footnotes":""},"class_list":["post-51","page","type-page","status-publish","hentry"],"_links":{"self":[{"href":"https:\/\/schoessler.eu\/index.php?rest_route=\/wp\/v2\/pages\/51","targetHints":{"allow":["GET"]}}],"collection":[{"href":"https:\/\/schoessler.eu\/index.php?rest_route=\/wp\/v2\/pages"}],"about":[{"href":"https:\/\/schoessler.eu\/index.php?rest_route=\/wp\/v2\/types\/page"}],"author":[{"embeddable":true,"href":"https:\/\/schoessler.eu\/index.php?rest_route=\/wp\/v2\/users\/1"}],"replies":[{"embeddable":true,"href":"https:\/\/schoessler.eu\/index.php?rest_route=%2Fwp%2Fv2%2Fcomments&post=51"}],"version-history":[{"count":1,"href":"https:\/\/schoessler.eu\/index.php?rest_route=\/wp\/v2\/pages\/51\/revisions"}],"predecessor-version":[{"id":56,"href":"https:\/\/schoessler.eu\/index.php?rest_route=\/wp\/v2\/pages\/51\/revisions\/56"}],"wp:attachment":[{"href":"https:\/\/schoessler.eu\/index.php?rest_route=%2Fwp%2Fv2%2Fmedia&parent=51"}],"curies":[{"name":"wp","href":"https:\/\/api.w.org\/{rel}","templated":true}]}}